{"id":375,"date":"2024-09-03T10:57:37","date_gmt":"2024-09-03T13:57:37","guid":{"rendered":"https:\/\/goyoibanez.com\/?page_id=375"},"modified":"2024-09-07T16:07:13","modified_gmt":"2024-09-07T19:07:13","slug":"coexistencia-wcs","status":"publish","type":"page","link":"https:\/\/goyoibanez.com\/?page_id=375","title":{"rendered":"coexistencia WCS"},"content":{"rendered":"\t\t<div data-elementor-type=\"wp-page\" data-elementor-id=\"375\" class=\"elementor elementor-375\">\n\t\t\t\t<div class=\"elementor-element elementor-element-0e242f8 e-flex e-con-boxed e-con e-parent\" data-id=\"0e242f8\" data-element_type=\"container\" id=\"#arribawcs\">\n\t\t\t\t\t<div class=\"e-con-inner\">\n\t\t\t\t<div class=\"elementor-element elementor-element-ce40523 elementor-widget elementor-widget-image\" data-id=\"ce40523\" data-element_type=\"widget\" data-widget_type=\"image.default\">\n\t\t\t\t<div class=\"elementor-widget-container\">\n\t\t\t\t\t\t\t\t\t\t\t\t\t\t\t<img decoding=\"async\" src=\"https:\/\/goyoibanez.com\/wp-content\/uploads\/elementor\/thumbs\/Coexistencia-0-scaled-qtke3btqrsp1qwg78nps6xn0ebcfr4s04o9jx45hj4.jpg\" title=\"Coexistencia #0\" alt=\"Coexistencia #0\" loading=\"lazy\" \/>\t\t\t\t\t\t\t\t\t\t\t\t\t\t\t<\/div>\n\t\t\t\t<\/div>\n\t\t\t\t<div class=\"elementor-element elementor-element-8207379 elementor-widget elementor-widget-image\" data-id=\"8207379\" data-element_type=\"widget\" data-widget_type=\"image.default\">\n\t\t\t\t<div class=\"elementor-widget-container\">\n\t\t\t\t\t\t\t\t\t\t\t\t\t\t\t<img decoding=\"async\" src=\"https:\/\/goyoibanez.com\/wp-content\/uploads\/elementor\/thumbs\/Coexistencia-1-scaled-qtke3jcgagzcbs5a0qysqvqp5ebdgplutphfrbuc5c.jpg\" title=\"Coexistencia #1\" alt=\"Coexistencia #1\" loading=\"lazy\" \/>\t\t\t\t\t\t\t\t\t\t\t\t\t\t\t<\/div>\n\t\t\t\t<\/div>\n\t\t\t\t<div class=\"elementor-element elementor-element-be0a6cf elementor-widget elementor-widget-image\" data-id=\"be0a6cf\" data-element_type=\"widget\" data-widget_type=\"image.default\">\n\t\t\t\t<div class=\"elementor-widget-container\">\n\t\t\t\t\t\t\t\t\t\t\t\t\t\t\t<img decoding=\"async\" src=\"https:\/\/goyoibanez.com\/wp-content\/uploads\/elementor\/thumbs\/Coexistencia-2-scaled-qtke3pxbmb8cl1vpybt6qc2xb3exylbz6m1u49kkxs.jpg\" title=\"Coexistencia #2\" alt=\"Coexistencia #2\" loading=\"lazy\" \/>\t\t\t\t\t\t\t\t\t\t\t\t\t\t\t<\/div>\n\t\t\t\t<\/div>\n\t\t\t\t<div class=\"elementor-element elementor-element-b77d941 elementor-widget elementor-widget-image\" data-id=\"b77d941\" data-element_type=\"widget\" data-widget_type=\"image.default\">\n\t\t\t\t<div class=\"elementor-widget-container\">\n\t\t\t\t\t\t\t\t\t\t\t\t\t\t\t<img decoding=\"async\" src=\"https:\/\/goyoibanez.com\/wp-content\/uploads\/elementor\/thumbs\/Coexistencia-3-scaled-qtke3xg14zin5xksqf27aa6m26dvo65tvn9pyh9fk0.jpg\" title=\"Coexistencia #3\" alt=\"Coexistencia #3\" loading=\"lazy\" \/>\t\t\t\t\t\t\t\t\t\t\t\t\t\t\t<\/div>\n\t\t\t\t<\/div>\n\t\t\t\t<div class=\"elementor-element elementor-element-ce42543 elementor-widget elementor-widget-image\" data-id=\"ce42543\" data-element_type=\"widget\" data-widget_type=\"image.default\">\n\t\t\t\t<div class=\"elementor-widget-container\">\n\t\t\t\t\t\t\t\t\t\t\t\t\t\t\t<img decoding=\"async\" src=\"https:\/\/goyoibanez.com\/wp-content\/uploads\/elementor\/thumbs\/Coexistencia-4-scaled-qtke440wgtrnf7b8nzwl9qiu7vhg61vy8ju4bezocg.jpg\" title=\"Coexistencia #4\" alt=\"Coexistencia #4\" loading=\"lazy\" \/>\t\t\t\t\t\t\t\t\t\t\t\t\t\t\t<\/div>\n\t\t\t\t<\/div>\n\t\t\t\t<div class=\"elementor-element elementor-element-1f5984f elementor-widget elementor-widget-image\" data-id=\"1f5984f\" data-element_type=\"widget\" data-widget_type=\"image.default\">\n\t\t\t\t<div class=\"elementor-widget-container\">\n\t\t\t\t\t\t\t\t\t\t\t\t\t\t\t<img decoding=\"async\" src=\"https:\/\/goyoibanez.com\/wp-content\/uploads\/elementor\/thumbs\/Coexistencia-5-scaled-qtke4bjlzi1y030bg35ltomiyygdvmpsxl205moiyo.jpg\" title=\"Coexistencia #5\" alt=\"Coexistencia #5\" loading=\"lazy\" \/>\t\t\t\t\t\t\t\t\t\t\t\t\t\t\t<\/div>\n\t\t\t\t<\/div>\n\t\t\t\t<div class=\"elementor-element elementor-element-61fe795 elementor-widget elementor-widget-image\" data-id=\"61fe795\" data-element_type=\"widget\" data-widget_type=\"image.default\">\n\t\t\t\t<div class=\"elementor-widget-container\">\n\t\t\t\t\t\t\t\t\t\t\t\t\t\t\t<img decoding=\"async\" src=\"https:\/\/goyoibanez.com\/wp-content\/uploads\/elementor\/thumbs\/5-Isabel-copia-qtm9cl99fd7yadfjrrgbifqv6n94f20q0t3c9k4fls.jpg\" title=\"ISABEL\" alt=\"ISABEL\" loading=\"lazy\" \/>\t\t\t\t\t\t\t\t\t\t\t\t\t\t\t<\/div>\n\t\t\t\t<\/div>\n\t\t\t\t<div class=\"elementor-element elementor-element-1dcec78 elementor-widget elementor-widget-image\" data-id=\"1dcec78\" data-element_type=\"widget\" data-widget_type=\"image.default\">\n\t\t\t\t<div class=\"elementor-widget-container\">\n\t\t\t\t\t\t\t\t\t\t\t\t\t\t\t<img decoding=\"async\" src=\"https:\/\/goyoibanez.com\/wp-content\/uploads\/elementor\/thumbs\/Coexistencia-6-scaled-qtke4i4hbcay9cqrdnzzt4yr4njydifxahmeikerr4.jpg\" title=\"Coexistencia #6\" alt=\"Coexistencia #6\" loading=\"lazy\" \/>\t\t\t\t\t\t\t\t\t\t\t\t\t\t\t<\/div>\n\t\t\t\t<\/div>\n\t\t\t\t<div class=\"elementor-element elementor-element-bfb565e elementor-widget elementor-widget-image\" data-id=\"bfb565e\" data-element_type=\"widget\" data-widget_type=\"image.default\">\n\t\t\t\t<div class=\"elementor-widget-container\">\n\t\t\t\t\t\t\t\t\t\t\t\t\t\t\t<img decoding=\"async\" src=\"https:\/\/goyoibanez.com\/wp-content\/uploads\/elementor\/thumbs\/Coexistencia-7-scaled-qtke4pn6u0l8u8fu5r90d32fvqiw339rziuacs3mdc.jpg\" title=\"Coexistencia #7\" alt=\"Coexistencia #7\" loading=\"lazy\" \/>\t\t\t\t\t\t\t\t\t\t\t\t\t\t\t<\/div>\n\t\t\t\t<\/div>\n\t\t\t\t<div class=\"elementor-element elementor-element-bb8e5b1 elementor-widget elementor-widget-image\" data-id=\"bb8e5b1\" data-element_type=\"widget\" data-widget_type=\"image.default\">\n\t\t\t\t<div class=\"elementor-widget-container\">\n\t\t\t\t\t\t\t\t\t\t\t\t\t\t\t<img decoding=\"async\" src=\"https:\/\/goyoibanez.com\/wp-content\/uploads\/elementor\/thumbs\/Coexistencia-8-scaled-qtke4w825uu93i6a3c3ecjeo1fmgkyzwcfeopptv5s.jpg\" title=\"Coexistencia #8\" alt=\"Coexistencia #8\" loading=\"lazy\" \/>\t\t\t\t\t\t\t\t\t\t\t\t\t\t\t<\/div>\n\t\t\t\t<\/div>\n\t\t\t\t<div class=\"elementor-element elementor-element-8ff3ece elementor-widget elementor-widget-image\" data-id=\"8ff3ece\" data-element_type=\"widget\" data-widget_type=\"image.default\">\n\t\t\t\t<div class=\"elementor-widget-container\">\n\t\t\t\t\t\t\t\t\t\t\t\t\t\t\t<img decoding=\"async\" src=\"https:\/\/goyoibanez.com\/wp-content\/uploads\/elementor\/thumbs\/Coexistencia-14-1-scaled-qtke64eh32iq96e3xd6v3q9byjkpmqva6i2i9q0d1c.jpg\" title=\"Coexistencia #14\" alt=\"Coexistencia #14\" loading=\"lazy\" \/>\t\t\t\t\t\t\t\t\t\t\t\t\t\t\t<\/div>\n\t\t\t\t<\/div>\n\t\t\t\t<div class=\"elementor-element elementor-element-2af52ed elementor-widget elementor-widget-image\" data-id=\"2af52ed\" data-element_type=\"widget\" data-widget_type=\"image.default\">\n\t\t\t\t<div class=\"elementor-widget-container\">\n\t\t\t\t\t\t\t\t\t\t\t\t\t\t\t<img decoding=\"async\" src=\"https:\/\/goyoibanez.com\/wp-content\/uploads\/elementor\/thumbs\/Coexistencia-13-scaled-qtke5xtlr89pzwnnzsch49x3suh54v55tli3wsa48w.jpg\" title=\"Coexistencia #13\" alt=\"Coexistencia #13\" loading=\"lazy\" \/>\t\t\t\t\t\t\t\t\t\t\t\t\t\t\t<\/div>\n\t\t\t\t<\/div>\n\t\t\t\t<div class=\"elementor-element elementor-element-66efad7 elementor-widget elementor-widget-image\" data-id=\"66efad7\" data-element_type=\"widget\" data-widget_type=\"image.default\">\n\t\t\t\t<div class=\"elementor-widget-container\">\n\t\t\t\t\t\t\t\t\t\t\t\t\t\t\t<img decoding=\"async\" src=\"https:\/\/goyoibanez.com\/wp-content\/uploads\/elementor\/thumbs\/Coexistencia-9-scaled-qtke53qroj4jodvcvfcewhicsileajtr1gmkjxips0.jpg\" title=\"Coexistencia #9\" alt=\"Coexistencia #9\" loading=\"lazy\" \/>\t\t\t\t\t\t\t\t\t\t\t\t\t\t\t<\/div>\n\t\t\t\t<\/div>\n\t\t\t\t<div class=\"elementor-element elementor-element-40b390a elementor-widget elementor-widget-image\" data-id=\"40b390a\" data-element_type=\"widget\" data-widget_type=\"image.default\">\n\t\t\t\t<div class=\"elementor-widget-container\">\n\t\t\t\t\t\t\t\t\t\t\t\t\t\t\t<img decoding=\"async\" src=\"https:\/\/goyoibanez.com\/wp-content\/uploads\/elementor\/thumbs\/Coexistencia-10-scaled-qtke5b9h77eu99kfnilfgfm1jlkc04nlqhuge57ke8.jpg\" title=\"Coexistencia #10\" alt=\"Coexistencia #10\" loading=\"lazy\" \/>\t\t\t\t\t\t\t\t\t\t\t\t\t\t\t<\/div>\n\t\t\t\t<\/div>\n\t\t\t\t<div class=\"elementor-element elementor-element-7c00e9b elementor-widget elementor-widget-image\" data-id=\"7c00e9b\" data-element_type=\"widget\" data-widget_type=\"image.default\">\n\t\t\t\t<div class=\"elementor-widget-container\">\n\t\t\t\t\t\t\t\t\t\t\t\t\t\t\t<img decoding=\"async\" src=\"https:\/\/goyoibanez.com\/wp-content\/uploads\/elementor\/thumbs\/Coexistencia-11-scaled-qtke5is6pvp4u59iflug0dpqaoj9pphgfj2c8cwf0g.jpg\" title=\"Coexistencia #11\" alt=\"Coexistencia #11\" loading=\"lazy\" \/>\t\t\t\t\t\t\t\t\t\t\t\t\t\t\t<\/div>\n\t\t\t\t<\/div>\n\t\t\t\t<div class=\"elementor-element elementor-element-6851c9c elementor-widget elementor-widget-image\" data-id=\"6851c9c\" data-element_type=\"widget\" data-widget_type=\"image.default\">\n\t\t\t\t<div class=\"elementor-widget-container\">\n\t\t\t\t\t\t\t\t\t\t\t\t\t\t\t<img decoding=\"async\" src=\"https:\/\/goyoibanez.com\/wp-content\/uploads\/elementor\/thumbs\/Coexistencia-12-scaled-qtke5qaw8jzff0yl7p3gkbtf1ri7fabb4ka82kl9mo.jpg\" title=\"Coexistencia #12\" alt=\"Coexistencia #12\" loading=\"lazy\" \/>\t\t\t\t\t\t\t\t\t\t\t\t\t\t\t<\/div>\n\t\t\t\t<\/div>\n\t\t\t\t<div class=\"elementor-element elementor-element-6ffea26 elementor-widget elementor-widget-image\" data-id=\"6ffea26\" data-element_type=\"widget\" data-widget_type=\"image.default\">\n\t\t\t\t<div class=\"elementor-widget-container\">\n\t\t\t\t\t\t\t\t\t\t\t\t\t\t\t<img decoding=\"async\" src=\"https:\/\/goyoibanez.com\/wp-content\/uploads\/elementor\/thumbs\/Coexistencia-16-scaled-qtke6ii1xl213btmn1a9n4p8vbn7u7f98fusgvfgg0.jpg\" title=\"Coexistencia #16\" alt=\"Coexistencia #16\" loading=\"lazy\" \/>\t\t\t\t\t\t\t\t\t\t\t\t\t\t\t<\/div>\n\t\t\t\t<\/div>\n\t\t\t\t<div class=\"elementor-element elementor-element-7834c51 elementor-widget elementor-widget-image\" data-id=\"7834c51\" data-element_type=\"widget\" data-widget_type=\"image.default\">\n\t\t\t\t<div class=\"elementor-widget-container\">\n\t\t\t\t\t\t\t\t\t\t\t\t\t\t\t<img decoding=\"async\" src=\"https:\/\/goyoibanez.com\/wp-content\/uploads\/elementor\/thumbs\/Coexistencia-17-scaled-qtke6q0rg9cbo7ipf4ja72sxmem5js93xh2ob34b28.jpg\" title=\"Coexistencia #17\" alt=\"Coexistencia #17\" loading=\"lazy\" \/>\t\t\t\t\t\t\t\t\t\t\t\t\t\t\t<\/div>\n\t\t\t\t<\/div>\n\t\t\t\t<div class=\"elementor-element elementor-element-96c563a elementor-widget elementor-widget-image\" data-id=\"96c563a\" data-element_type=\"widget\" data-widget_type=\"image.default\">\n\t\t\t\t<div class=\"elementor-widget-container\">\n\t\t\t\t\t\t\t\t\t\t\t\t\t\t\t<img decoding=\"async\" src=\"https:\/\/goyoibanez.com\/wp-content\/uploads\/elementor\/thumbs\/Coexistencia-18-scaled-qtke6wlms3lbxh95cpdo6j55s3pq1nz8adn2o0ujuo.jpg\" title=\"Coexistencia #18\" alt=\"Coexistencia #18\" loading=\"lazy\" \/>\t\t\t\t\t\t\t\t\t\t\t\t\t\t\t<\/div>\n\t\t\t\t<\/div>\n\t\t\t\t<div class=\"elementor-element elementor-element-7802f70 elementor-widget elementor-widget-image\" data-id=\"7802f70\" data-element_type=\"widget\" data-widget_type=\"image.default\">\n\t\t\t\t<div class=\"elementor-widget-container\">\n\t\t\t\t\t\t\t\t\t\t\t\t\t\t\t<img decoding=\"async\" src=\"https:\/\/goyoibanez.com\/wp-content\/uploads\/elementor\/thumbs\/Coexistencia-19-scaled-qtke744carvmicy84smoqh8uj6onr8t2zeuyi8jegw.jpg\" title=\"Coexistencia #19\" alt=\"Coexistencia #19\" loading=\"lazy\" \/>\t\t\t\t\t\t\t\t\t\t\t\t\t\t\t<\/div>\n\t\t\t\t<\/div>\n\t\t\t\t<div class=\"elementor-element elementor-element-ac6fbde elementor-widget elementor-widget-image\" data-id=\"ac6fbde\" data-element_type=\"widget\" data-widget_type=\"image.default\">\n\t\t\t\t<div class=\"elementor-widget-container\">\n\t\t\t\t\t\t\t\t\t\t\t\t\t\t\t<img decoding=\"async\" src=\"https:\/\/goyoibanez.com\/wp-content\/uploads\/elementor\/thumbs\/Coexistencia-20-scaled-qtke7bn1tg5x38nawvvpafcja9nlgtmxog2ucg8934.jpg\" title=\"Coexistencia #20\" alt=\"Coexistencia #20\" loading=\"lazy\" \/>\t\t\t\t\t\t\t\t\t\t\t\t\t\t\t<\/div>\n\t\t\t\t<\/div>\n\t\t\t\t<div class=\"elementor-element elementor-element-88e4b99 elementor-widget elementor-widget-image\" data-id=\"88e4b99\" data-element_type=\"widget\" data-widget_type=\"image.default\">\n\t\t\t\t<div class=\"elementor-widget-container\">\n\t\t\t\t\t\t\t\t\t\t\t\t\t\t\t<img decoding=\"async\" src=\"https:\/\/goyoibanez.com\/wp-content\/uploads\/elementor\/thumbs\/Coexistencia-21-scaled-qtke7j5rc4g7o4cdoz4pudg81cmj6egsdhaq6nx3pc.jpg\" title=\"Coexistencia #21\" alt=\"Coexistencia #21\" loading=\"lazy\" \/>\t\t\t\t\t\t\t\t\t\t\t\t\t\t\t<\/div>\n\t\t\t\t<\/div>\n\t\t\t\t<div class=\"elementor-element elementor-element-b9313d0 elementor-widget elementor-widget-image\" data-id=\"b9313d0\" data-element_type=\"widget\" data-widget_type=\"image.default\">\n\t\t\t\t<div class=\"elementor-widget-container\">\n\t\t\t\t\t\t\t\t\t\t\t\t\t\t\t<img decoding=\"async\" src=\"https:\/\/goyoibanez.com\/wp-content\/uploads\/elementor\/thumbs\/DSC6504-copia-scaled-qtkfhtplxdtlgr3mdhi956wh9igb9r8vqlym29a39c.jpg\" title=\"_DSC6504 copia\" alt=\"_DSC6504 copia\" loading=\"lazy\" \/>\t\t\t\t\t\t\t\t\t\t\t\t\t\t\t<\/div>\n\t\t\t\t<\/div>\n\t\t\t\t<div class=\"elementor-element elementor-element-cf95ff3 elementor-widget elementor-widget-image\" data-id=\"cf95ff3\" data-element_type=\"widget\" data-widget_type=\"image.default\">\n\t\t\t\t<div class=\"elementor-widget-container\">\n\t\t\t\t\t\t\t\t\t\t\t\t\t\t\t<img decoding=\"async\" src=\"https:\/\/goyoibanez.com\/wp-content\/uploads\/elementor\/thumbs\/Coexistencia-23-scaled-qtke7wbhzsy86nt9k4thta4ocqto65x13afiwjdla8.jpg\" title=\"Coexistencia #23\" alt=\"Coexistencia #23\" loading=\"lazy\" \/>\t\t\t\t\t\t\t\t\t\t\t\t\t\t\t<\/div>\n\t\t\t\t<\/div>\n\t\t\t\t<div class=\"elementor-element elementor-element-579016e elementor-widget elementor-widget-image\" data-id=\"579016e\" data-element_type=\"widget\" data-widget_type=\"image.default\">\n\t\t\t\t<div class=\"elementor-widget-container\">\n\t\t\t\t\t\t\t\t\t\t\t\t\t\t\t<img decoding=\"async\" src=\"https:\/\/goyoibanez.com\/wp-content\/uploads\/elementor\/thumbs\/Coexistencia-24-scaled-qtke84s1pb9t35gz6qh4xpztp7nz3fum4gaw8111q8.jpg\" title=\"Coexistencia #24\" alt=\"Coexistencia #24\" loading=\"lazy\" \/>\t\t\t\t\t\t\t\t\t\t\t\t\t\t\t<\/div>\n\t\t\t\t<\/div>\n\t\t\t\t<div class=\"elementor-element elementor-element-112ab98 elementor-widget elementor-widget-image\" data-id=\"112ab98\" data-element_type=\"widget\" data-widget_type=\"image.default\">\n\t\t\t\t<div class=\"elementor-widget-container\">\n\t\t\t\t\t\t\t\t\t\t\t\t\t\t\t<img decoding=\"async\" src=\"https:\/\/goyoibanez.com\/wp-content\/uploads\/elementor\/thumbs\/Coexistencia-25-copia-scaled-qtke8bcx15itcf7f4bbix6c1uwrjlbkqhcvakyraio.jpg\" title=\"Coexistencia #25 copia\" alt=\"Coexistencia #25 copia\" loading=\"lazy\" \/>\t\t\t\t\t\t\t\t\t\t\t\t\t\t\t<\/div>\n\t\t\t\t<\/div>\n\t\t\t\t<div class=\"elementor-element elementor-element-757955a elementor-widget elementor-widget-image\" data-id=\"757955a\" data-element_type=\"widget\" data-widget_type=\"image.default\">\n\t\t\t\t<div class=\"elementor-widget-container\">\n\t\t\t\t\t\t\t\t\t\t\t\t\t\t\t<img decoding=\"async\" src=\"https:\/\/goyoibanez.com\/wp-content\/uploads\/elementor\/thumbs\/Coexistencia-27-scaled-qtke8ivmjtt3xawhwekjh4fqlzqhawel6e36f6g54w.jpg\" title=\"Coexistencia #27\" alt=\"Coexistencia #27\" loading=\"lazy\" \/>\t\t\t\t\t\t\t\t\t\t\t\t\t\t\t<\/div>\n\t\t\t\t<\/div>\n\t\t\t\t<div class=\"elementor-element elementor-element-3d2ca76 elementor-widget elementor-widget-spacer\" data-id=\"3d2ca76\" data-element_type=\"widget\" data-widget_type=\"spacer.default\">\n\t\t\t\t<div class=\"elementor-widget-container\">\n\t\t\t\t\t\t\t<div class=\"elementor-spacer\">\n\t\t\t<div class=\"elementor-spacer-inner\"><\/div>\n\t\t<\/div>\n\t\t\t\t\t\t<\/div>\n\t\t\t\t<\/div>\n\t\t\t\t<div class=\"elementor-element elementor-element-0885f28 elementor-widget elementor-widget-text-editor\" data-id=\"0885f28\" data-element_type=\"widget\" data-widget_type=\"text-editor.default\">\n\t\t\t\t<div class=\"elementor-widget-container\">\n\t\t\t\t\t\t\t\t\t<p><span style=\"color: #808080;\"><a style=\"color: #808080;\" href=\"https:\/\/us1.campaign-archive.com\/?u=e72e1f87a25b4b822432bf6e2&amp;id=94d0afe8b2\"><span style=\"text-decoration: underline;\">WCS COEXISTENCIA<\/span><\/a><\/span><\/p><p>Dossier: la coexistencia entre ganader\u00eda y fauna silvestre para la conservaci\u00f3n de la Estepa Patag\u00f3nica<\/p><p>\u00a0<\/p><p>\u00a0<\/p>\t\t\t\t\t\t\t\t<\/div>\n\t\t\t\t<\/div>\n\t\t\t\t\t<\/div>\n\t\t\t\t<\/div>\n\t\t<div class=\"elementor-element elementor-element-8b46801 e-flex e-con-boxed e-con e-parent\" data-id=\"8b46801\" data-element_type=\"container\">\n\t\t\t\t\t<div class=\"e-con-inner\">\n\t\t\t\t<div class=\"elementor-element elementor-element-77d8afc elementor-widget__width-initial elementor-widget elementor-widget-video\" data-id=\"77d8afc\" data-element_type=\"widget\" data-settings=\"{&quot;youtube_url&quot;:&quot;https:\\\/\\\/www.youtube.com\\\/watch?v=q8noitcwPLg&quot;,&quot;video_type&quot;:&quot;youtube&quot;,&quot;controls&quot;:&quot;yes&quot;}\" data-widget_type=\"video.default\">\n\t\t\t\t<div class=\"elementor-widget-container\">\n\t\t\t\t\t\t\t<div class=\"elementor-wrapper elementor-open-inline\">\n\t\t\t<div class=\"elementor-video\"><\/div>\t\t<\/div>\n\t\t\t\t\t\t<\/div>\n\t\t\t\t<\/div>\n\t\t\t\t\t<\/div>\n\t\t\t\t<\/div>\n\t\t<div class=\"elementor-element elementor-element-e290e7c e-flex e-con-boxed e-con e-parent\" data-id=\"e290e7c\" data-element_type=\"container\">\n\t\t\t\t\t<div class=\"e-con-inner\">\n\t\t\t\t\t<\/div>\n\t\t\t\t<\/div>\n\t\t\t\t<\/div>\n\t\t","protected":false},"excerpt":{"rendered":"<p>WCS COEXISTENCIA Dossier: la coexistencia entre ganader\u00eda y fauna silvestre para la conservaci\u00f3n de la Estepa Patag\u00f3nica \u00a0 \u00a0 https:\/\/www.youtube.com\/watch?v=q8noitcwPLg<\/p>\n","protected":false},"author":1,"featured_media":0,"parent":0,"menu_order":0,"comment_status":"closed","ping_status":"closed","template":"","meta":{"footnotes":""},"class_list":["post-375","page","type-page","status-publish","hentry"],"_links":{"self":[{"href":"https:\/\/goyoibanez.com\/index.php?rest_route=\/wp\/v2\/pages\/375","targetHints":{"allow":["GET"]}}],"collection":[{"href":"https:\/\/goyoibanez.com\/index.php?rest_route=\/wp\/v2\/pages"}],"about":[{"href":"https:\/\/goyoibanez.com\/index.php?rest_route=\/wp\/v2\/types\/page"}],"author":[{"embeddable":true,"href":"https:\/\/goyoibanez.com\/index.php?rest_route=\/wp\/v2\/users\/1"}],"replies":[{"embeddable":true,"href":"https:\/\/goyoibanez.com\/index.php?rest_route=%2Fwp%2Fv2%2Fcomments&post=375"}],"version-history":[{"count":38,"href":"https:\/\/goyoibanez.com\/index.php?rest_route=\/wp\/v2\/pages\/375\/revisions"}],"predecessor-version":[{"id":548,"href":"https:\/\/goyoibanez.com\/index.php?rest_route=\/wp\/v2\/pages\/375\/revisions\/548"}],"wp:attachment":[{"href":"https:\/\/goyoibanez.com\/index.php?rest_route=%2Fwp%2Fv2%2Fmedia&parent=375"}],"curies":[{"name":"wp","href":"https:\/\/api.w.org\/{rel}","templated":true}]}}